{"id":4741,"date":"2025-04-12T09:49:21","date_gmt":"2025-04-12T09:49:21","guid":{"rendered":"https:\/\/dev251.kodesolution.com\/digitaal\/?page_id=4741"},"modified":"2025-11-22T10:46:44","modified_gmt":"2025-11-22T10:46:44","slug":"blog","status":"publish","type":"page","link":"https:\/\/webmediarebels.com\/en\/blog\/","title":{"rendered":"Blog"},"content":{"rendered":"<div data-elementor-type=\"wp-page\" data-elementor-id=\"4741\" class=\"elementor elementor-4741\" data-elementor-post-type=\"page\">\n\t\t\t\t<div data-particle_enable=\"false\" data-particle-mobile-disabled=\"false\" class=\"elementor-element elementor-element-ef3307d e-flex e-con-boxed tm-col-stretched-none tm-bg-color-over-image e-con e-parent\" data-id=\"ef3307d\" data-element_type=\"container\" data-e-type=\"container\">\n\t\t\t\t\t<div class=\"e-con-inner\">\n\t\t<div data-particle_enable=\"false\" data-particle-mobile-disabled=\"false\" class=\"elementor-element elementor-element-bd7c311 e-con-full e-flex tm-col-stretched-none tm-bg-color-over-image e-con e-child\" data-id=\"bd7c311\" data-element_type=\"container\" data-e-type=\"container\">\n\t\t\t\t<div class=\"elementor-element elementor-element-01fcb9e elementor-widget elementor-widget-tm-ele-blog\" data-id=\"01fcb9e\" data-element_type=\"widget\" data-e-type=\"widget\" data-widget_type=\"tm-ele-blog.skin-style-current-theme1\">\n\t\t\t\t<div class=\"elementor-widget-container\">\n\t\t\t\t\t\t<div class=\"tm-sc-blog tm-sc-blog-grid\">\r\n\t\t\r\n\t\r\n\t\t<!-- Isotope Gallery Grid -->\r\n\t\t<div id=\"blog-holder-837853\" class=\"isotope-layout grid-3 gutter-10 clearfix\">\r\n\t\t\t<div class=\"isotope-layout-inner\">\r\n\r\n\t\t\t\t<!-- the loop -->\r\n\t\t\t\t\t\t\t\t\t\t\t\t\t\t\t\t<div class=\"isotope-item europa-negocios-locais uncategorized video-fotografia\">\r\n\t\t\t\t\t<div class=\"isotope-item-inner\" data-wow-delay=\"\">\r\n\t\t\t\t\t\t<article class=\"post-18674 post type-post status-publish format-standard has-post-thumbnail hentry category-video-fotografia category-europa-negocios-locais category-uncategorized tag-audiovisual-alemanha tag-marketing-online tag-performance-digital tag-reels-2026 tag-reels-para-empresas tag-seo-alemanha tag-shorts tag-video-profissional tag-web-design-europa tag-webmedia-rebels\">\r\n\t<!-- News Block -->\r\n<div class=\"blog-item-current-style1\">\r\n  <div class=\"inner-box\">\r\n    <div class=\"entry-header\">\r\n      <div class=\"thumb\">\r\n        <div class=\"post-thumb lightgallery-lightbox\">\r\n\t\r\n\t<div class=\"post-thumb-inner\">\r\n\t\t<div class=\"thumb\">\r\n\t\t\t<img fetchpriority=\"high\" decoding=\"async\" src=\"https:\/\/webmediarebels.com\/wp-content\/uploads\/2025\/04\/15-672x448.png\" width=\"672\" height=\"448\" alt=\"Reels 2026: 5 Tend\u00eancias Que Est\u00e3o Transformando Neg\u00f3cios\"\/>\r\n\t\t<\/div>\r\n\t<\/div>\r\n\t<\/div>        <div class=\"post-thumb lightgallery-lightbox\">\r\n\t\r\n\t<div class=\"post-thumb-inner\">\r\n\t\t<div class=\"thumb\">\r\n\t\t\t<img fetchpriority=\"high\" decoding=\"async\" src=\"https:\/\/webmediarebels.com\/wp-content\/uploads\/2025\/04\/15-672x448.png\" width=\"672\" height=\"448\" alt=\"Reels 2026: 5 Tend\u00eancias Que Est\u00e3o Transformando Neg\u00f3cios\"\/>\r\n\t\t<\/div>\r\n\t<\/div>\r\n\t<\/div>      <\/div>\r\n\r\n          <\/div>\r\n    <div class=\"entry-content\">\r\n\r\n      \r\n              <h4 class=\"entry-title\"><a href=\"https:\/\/webmediarebels.com\/en\/reels-2026-5-tendencias\/\" rel=\"bookmark\">Reels 2026: 5 Tend\u00eancias Que Est\u00e3o Transformando Neg\u00f3cios<\/a><\/h4>      \r\n              <a class=\"btn-link-style1\" href=\"https:\/\/webmediarebels.com\/en\/reels-2026-5-tendencias\/\"><span class=\"btn-title\">Learn more<\/span> <i class=\"lnr-icon-arrow-right1\"><\/i><\/a>\r\n          <\/div>\r\n  <\/div>\r\n<\/div><\/article>\t\t\t\t\t<\/div>\r\n\t\t\t\t<\/div>\r\n\t\t\t\t\t\t\t\t\t\t\t\t\t\t\t\t<div class=\"isotope-item cases-projetos europa-negocios-locais web-design-seo\">\r\n\t\t\t\t\t<div class=\"isotope-item-inner\" data-wow-delay=\"\">\r\n\t\t\t\t\t\t<article class=\"post-17971 post type-post status-publish format-standard has-post-thumbnail hentry category-cases-projetos category-europa-negocios-locais category-web-design-seo tag-criacao-de-site-profissional tag-desenvolvimento-wordpress tag-performance-digital tag-seo-alemanha tag-site-responsivo tag-web-design-europa tag-webmedia-rebels\">\r\n\t<!-- News Block -->\r\n<div class=\"blog-item-current-style1\">\r\n  <div class=\"inner-box\">\r\n    <div class=\"entry-header\">\r\n      <div class=\"thumb\">\r\n        <div class=\"post-thumb lightgallery-lightbox\">\r\n\t\r\n\t<div class=\"post-thumb-inner\">\r\n\t\t<div class=\"thumb\">\r\n\t\t\t<img decoding=\"async\" src=\"https:\/\/webmediarebels.com\/wp-content\/uploads\/2025\/10\/LAYOUT-DO-PROTFOLIO-2025-02-672x448.png\" width=\"672\" height=\"448\" alt=\"How much does a professional website cost in Germany in 2026?\"\/>\r\n\t\t<\/div>\r\n\t<\/div>\r\n\t<\/div>        <div class=\"post-thumb lightgallery-lightbox\">\r\n\t\r\n\t<div class=\"post-thumb-inner\">\r\n\t\t<div class=\"thumb\">\r\n\t\t\t<img decoding=\"async\" src=\"https:\/\/webmediarebels.com\/wp-content\/uploads\/2025\/10\/LAYOUT-DO-PROTFOLIO-2025-02-672x448.png\" width=\"672\" height=\"448\" alt=\"How much does a professional website cost in Germany in 2026?\"\/>\r\n\t\t<\/div>\r\n\t<\/div>\r\n\t<\/div>      <\/div>\r\n\r\n          <\/div>\r\n    <div class=\"entry-content\">\r\n\r\n      \r\n              <h4 class=\"entry-title\"><a href=\"https:\/\/webmediarebels.com\/en\/how-much-does-a-professional-website-cost-in-germany-in-2026\/\" rel=\"bookmark\">How much does a professional website cost in Germany in 2026?<\/a><\/h4>      \r\n              <a class=\"btn-link-style1\" href=\"https:\/\/webmediarebels.com\/en\/how-much-does-a-professional-website-cost-in-germany-in-2026\/\"><span class=\"btn-title\">Learn more<\/span> <i class=\"lnr-icon-arrow-right1\"><\/i><\/a>\r\n          <\/div>\r\n  <\/div>\r\n<\/div><\/article>\t\t\t\t\t<\/div>\r\n\t\t\t\t<\/div>\r\n\t\t\t\t\t\t\t\t\t\t\t\t\t\t\t\t<div class=\"isotope-item cases-projetos europa-negocios-locais web-design-seo\">\r\n\t\t\t\t\t<div class=\"isotope-item-inner\" data-wow-delay=\"\">\r\n\t\t\t\t\t\t<article class=\"post-1540 post type-post status-publish format-standard has-post-thumbnail hentry category-cases-projetos category-europa-negocios-locais category-web-design-seo tag-criacao-de-site-profissional tag-desenvolvimento-wordpress tag-performance-digital tag-seo-alemanha tag-site-responsivo tag-web-design-europa tag-webmedia-rebels\">\r\n\t<!-- News Block -->\r\n<div class=\"blog-item-current-style1\">\r\n  <div class=\"inner-box\">\r\n    <div class=\"entry-header\">\r\n      <div class=\"thumb\">\r\n        <div class=\"post-thumb lightgallery-lightbox\">\r\n\t\r\n\t<div class=\"post-thumb-inner\">\r\n\t\t<div class=\"thumb\">\r\n\t\t\t<img decoding=\"async\" src=\"https:\/\/webmediarebels.com\/wp-content\/uploads\/2025\/09\/t-672x448.png\" width=\"672\" height=\"448\" alt=\"How to create a professional website that attracts clients in Europe.\"\/>\r\n\t\t<\/div>\r\n\t<\/div>\r\n\t<\/div>        <div class=\"post-thumb lightgallery-lightbox\">\r\n\t\r\n\t<div class=\"post-thumb-inner\">\r\n\t\t<div class=\"thumb\">\r\n\t\t\t<img decoding=\"async\" src=\"https:\/\/webmediarebels.com\/wp-content\/uploads\/2025\/09\/t-672x448.png\" width=\"672\" height=\"448\" alt=\"How to create a professional website that attracts clients in Europe.\"\/>\r\n\t\t<\/div>\r\n\t<\/div>\r\n\t<\/div>      <\/div>\r\n\r\n          <\/div>\r\n    <div class=\"entry-content\">\r\n\r\n      \r\n              <h4 class=\"entry-title\"><a href=\"https:\/\/webmediarebels.com\/en\/how-to-create-a-professional-website-that-attracts-clients-in-europe\/\" rel=\"bookmark\">How to create a professional website that attracts clients in Europe.<\/a><\/h4>      \r\n              <a class=\"btn-link-style1\" href=\"https:\/\/webmediarebels.com\/en\/how-to-create-a-professional-website-that-attracts-clients-in-europe\/\"><span class=\"btn-title\">Learn more<\/span> <i class=\"lnr-icon-arrow-right1\"><\/i><\/a>\r\n          <\/div>\r\n  <\/div>\r\n<\/div><\/article>\t\t\t\t\t<\/div>\r\n\t\t\t\t<\/div>\r\n\t\t\t\t\t\t\t\t\t\t\t\t\t\t\t\t<div class=\"isotope-item cases-projetos europa-negocios-locais video-fotografia\">\r\n\t\t\t\t\t<div class=\"isotope-item-inner\" data-wow-delay=\"\">\r\n\t\t\t\t\t\t<article class=\"post-1554 post type-post status-publish format-standard has-post-thumbnail hentry category-cases-projetos category-europa-negocios-locais category-video-fotografia tag-audiovisual-alemanha tag-conteudo-visual-estrategico tag-producao-de-video-profissional tag-reels-para-empresas tag-video-institucional-europa tag-videomaker-munique tag-webmedia-rebels\">\r\n\t<!-- News Block -->\r\n<div class=\"blog-item-current-style1\">\r\n  <div class=\"inner-box\">\r\n    <div class=\"entry-header\">\r\n      <div class=\"thumb\">\r\n        <div class=\"post-thumb lightgallery-lightbox\">\r\n\t\r\n\t<div class=\"post-thumb-inner\">\r\n\t\t<div class=\"thumb\">\r\n\t\t\t<img loading=\"lazy\" decoding=\"async\" src=\"https:\/\/webmediarebels.com\/wp-content\/uploads\/2025\/04\/IMG_3122-672x448.jpg\" width=\"672\" height=\"448\" alt=\"Professional video production in Munich: emotion that creates connection.\"\/>\r\n\t\t<\/div>\r\n\t<\/div>\r\n\t<\/div>        <div class=\"post-thumb lightgallery-lightbox\">\r\n\t\r\n\t<div class=\"post-thumb-inner\">\r\n\t\t<div class=\"thumb\">\r\n\t\t\t<img loading=\"lazy\" decoding=\"async\" src=\"https:\/\/webmediarebels.com\/wp-content\/uploads\/2025\/04\/IMG_3122-672x448.jpg\" width=\"672\" height=\"448\" alt=\"Professional video production in Munich: emotion that creates connection.\"\/>\r\n\t\t<\/div>\r\n\t<\/div>\r\n\t<\/div>      <\/div>\r\n\r\n          <\/div>\r\n    <div class=\"entry-content\">\r\n\r\n      \r\n              <h4 class=\"entry-title\"><a href=\"https:\/\/webmediarebels.com\/en\/professional-video-production-in-munich-emotion-that-creates-connection\/\" rel=\"bookmark\">Professional video production in Munich: emotion that creates connection.<\/a><\/h4>      \r\n              <a class=\"btn-link-style1\" href=\"https:\/\/webmediarebels.com\/en\/professional-video-production-in-munich-emotion-that-creates-connection\/\"><span class=\"btn-title\">Learn more<\/span> <i class=\"lnr-icon-arrow-right1\"><\/i><\/a>\r\n          <\/div>\r\n  <\/div>\r\n<\/div><\/article>\t\t\t\t\t<\/div>\r\n\t\t\t\t<\/div>\r\n\t\t\t\t\t\t\t\t<!-- end of the loop -->\r\n\t\t\t<\/div>\r\n\t\t<\/div>\r\n\t\t\t<\/div>\r\n\r\n\r\n\t\t\t\t<\/div>\n\t\t\t\t<\/div>\n\t\t\t\t<\/div>\n\t\t\t\t\t<\/div>\n\t\t\t\t<\/div>\n\t\t\t\t<\/div>","protected":false},"excerpt":{"rendered":"<p>A Nova Era dos Reels e Shorts para Neg\u00f3cios Saiba mais Quanto custa um site profissional na Alemanha em 2026&#8230;<\/p>","protected":false},"author":1,"featured_media":0,"parent":0,"menu_order":0,"comment_status":"closed","ping_status":"closed","template":"","meta":{"footnotes":""},"class_list":["post-4741","page","type-page","status-publish","hentry"],"_links":{"self":[{"href":"https:\/\/webmediarebels.com\/en\/wp-json\/wp\/v2\/pages\/4741","targetHints":{"allow":["GET"]}}],"collection":[{"href":"https:\/\/webmediarebels.com\/en\/wp-json\/wp\/v2\/pages"}],"about":[{"href":"https:\/\/webmediarebels.com\/en\/wp-json\/wp\/v2\/types\/page"}],"author":[{"embeddable":true,"href":"https:\/\/webmediarebels.com\/en\/wp-json\/wp\/v2\/users\/1"}],"replies":[{"embeddable":true,"href":"https:\/\/webmediarebels.com\/en\/wp-json\/wp\/v2\/comments?post=4741"}],"version-history":[{"count":0,"href":"https:\/\/webmediarebels.com\/en\/wp-json\/wp\/v2\/pages\/4741\/revisions"}],"wp:attachment":[{"href":"https:\/\/webmediarebels.com\/en\/wp-json\/wp\/v2\/media?parent=4741"}],"curies":[{"name":"wp","href":"https:\/\/api.w.org\/{rel}","templated":true}]}}