{"id":4740,"date":"2025-04-12T09:48:53","date_gmt":"2025-04-12T09:48:53","guid":{"rendered":"https:\/\/dev251.kodesolution.com\/digitaal\/?page_id=4740"},"modified":"2025-12-08T10:54:35","modified_gmt":"2025-12-08T10:54:35","slug":"services","status":"publish","type":"page","link":"https:\/\/webmediarebels.com\/en\/services\/","title":{"rendered":"Services"},"content":{"rendered":"<div data-elementor-type=\"wp-page\" data-elementor-id=\"4740\" class=\"elementor elementor-4740\" data-elementor-post-type=\"page\">\n\t\t\t\t<div data-particle_enable=\"false\" data-particle-mobile-disabled=\"false\" class=\"elementor-element elementor-element-b08da2a e-con-full elementor-hidden-mobile e-flex tm-col-stretched-none tm-bg-color-over-image e-con e-parent\" data-id=\"b08da2a\" data-element_type=\"container\" data-e-type=\"container\" id=\"web\">\n\t\t<div data-particle_enable=\"false\" data-particle-mobile-disabled=\"false\" class=\"elementor-element elementor-element-1436ac7 e-con-full e-flex tm-col-stretched-none tm-bg-color-over-image e-con e-child\" data-id=\"1436ac7\" data-element_type=\"container\" data-e-type=\"container\">\n\t\t<div data-particle_enable=\"false\" data-particle-mobile-disabled=\"false\" class=\"elementor-element elementor-element-8560544 e-con-full tm-col-stretched-none e-flex tm-bg-color-over-image e-con e-child\" data-id=\"8560544\" data-element_type=\"container\" data-e-type=\"container\">\n\t\t\t\t<div class=\"elementor-element elementor-element-fdd634d elementor-widget elementor-widget-tm-ele-text-editor-advanced\" data-id=\"fdd634d\" data-element_type=\"widget\" data-e-type=\"widget\" data-widget_type=\"tm-ele-text-editor-advanced.default\">\n\t\t\t\t<div class=\"elementor-widget-container\">\n\t\t\t\t\t\t\t<div class=\"tm-text-editor-advanced\">\r\n\t\t\t\t\t<div class=\"each-item elementor-repeater-item-9c1902b\"  data-parallax=\"{&quot;x&quot;:300,&quot;y&quot;:&quot;&quot;,&quot;scale&quot;:&quot;&quot;,&quot;rotate&quot;:&quot;&quot;,&quot;opacity&quot;:&quot;&quot;}\" >\r\n\t\t\t\t<p>Services<\/p>\t\t\t\t<\/div>\r\n\t\t\t\t\t\t<\/div>\r\n\t\t\t\t\t<\/div>\n\t\t\t\t<\/div>\n\t\t\t\t<div class=\"elementor-element elementor-element-c309697 elementor-widget elementor-widget-tm-ele-text-editor-advanced\" data-id=\"c309697\" data-element_type=\"widget\" data-e-type=\"widget\" data-widget_type=\"tm-ele-text-editor-advanced.default\">\n\t\t\t\t<div class=\"elementor-widget-container\">\n\t\t\t\t\t\t\t<div class=\"tm-text-editor-advanced\">\r\n\t\t\t\t\t<div class=\"each-item elementor-repeater-item-9c1902b text-theme-colored1\"  data-parallax=\"{&quot;x&quot;:300,&quot;y&quot;:&quot;&quot;,&quot;scale&quot;:&quot;&quot;,&quot;rotate&quot;:&quot;&quot;,&quot;opacity&quot;:&quot;&quot;}\" >\r\n\t\t\t\t<p>web<\/p>\t\t\t\t<\/div>\r\n\t\t\t\t\t\t<\/div>\r\n\t\t\t\t\t<\/div>\n\t\t\t\t<\/div>\n\t\t\t\t<\/div>\n\t\t\t\t<\/div>\n\t\t\t\t<\/div>\n\t\t<div data-particle_enable=\"false\" data-particle-mobile-disabled=\"false\" class=\"elementor-element elementor-element-11468da e-con-full e-flex tm-col-stretched-none tm-bg-color-over-image e-con e-parent\" data-id=\"11468da\" data-element_type=\"container\" data-e-type=\"container\" data-settings=\"{&quot;background_background&quot;:&quot;classic&quot;}\">\n\t\t<div data-particle_enable=\"false\" data-particle-mobile-disabled=\"false\" class=\"elementor-element elementor-element-9757930 e-con-full overflow-hidden e-flex tm-col-stretched-none tm-bg-color-over-image e-con e-child\" data-id=\"9757930\" data-element_type=\"container\" data-e-type=\"container\" data-settings=\"{&quot;background_background&quot;:&quot;classic&quot;}\">\n\t\t<div data-particle_enable=\"false\" data-particle-mobile-disabled=\"false\" class=\"elementor-element elementor-element-617a9dc e-flex e-con-boxed tm-col-stretched-none tm-bg-color-over-image e-con e-child\" data-id=\"617a9dc\" data-element_type=\"container\" data-e-type=\"container\">\n\t\t\t\t\t<div class=\"e-con-inner\">\n\t\t<div data-particle_enable=\"false\" data-particle-mobile-disabled=\"false\" class=\"elementor-element elementor-element-5275e14 e-con-full e-flex tm-col-stretched-none tm-bg-color-over-image e-con e-child\" data-id=\"5275e14\" data-element_type=\"container\" data-e-type=\"container\">\n\t\t<div data-particle_enable=\"false\" data-particle-mobile-disabled=\"false\" class=\"elementor-element elementor-element-623c48a e-con-full e-flex tm-col-stretched-none tm-bg-color-over-image e-con e-child\" data-id=\"623c48a\" data-element_type=\"container\" data-e-type=\"container\">\n\t\t\t\t<div class=\"elementor-element elementor-element-1916745 horizontal-line-align-left vertical-line-align-bottom elementor-widget elementor-widget-tm-ele-section-title\" data-id=\"1916745\" data-element_type=\"widget\" data-e-type=\"widget\" data-widget_type=\"tm-ele-section-title.default\">\n\t\t\t\t<div class=\"elementor-widget-container\">\n\t\t\t\t\t<div class=\"tm-sc-section-title section-title title-icon-pos-icon-top\">\r\n\t<div class=\"title-wrapper\">\r\n\t\t\t\t<img decoding=\"async\" class=\"title-icon\" src=\"https:\/\/webmediarebels.com\/wp-content\/uploads\/2025\/08\/Soft-Star.png\" alt=\"icon\">\t\t\t\t\r\n\r\n<div class=\"sub-title-outer\">\r\n\t\t<div class=\"subtitle\">\r\n\r\n\t\t\r\n\t\tWeb Services\t<\/div>\r\n\t<\/div>\t\t\t<h2 class=\"title\"  >\r\n\r\n\t\t\r\n\t\t\t\t\r\n\t\t\t\t\t\r\n\r\n\t\t\t\t\r\n\t\t\t\t\t\t\t\t<span class=\"elementor-repeater-item-57331e8\">We create customized websites, online stores, and platforms with impeccable design.,<\/span>\r\n\t\t\t\t\t\t\t\r\n\r\n\t\t\t\t\r\n\t\t\t\t\t\t\t\t<span class=\"elementor-repeater-item-6ea4526\">Technical performance and strategic SEO.<\/span>\r\n\t\t\t\t\t\t\t\t\t\r\n\t<\/h2>\r\n\t<div class=\"title-seperator-line\"><\/div>\t\t\t\t\t\t<\/div>\r\n<\/div>\t\t\t\t<\/div>\n\t\t\t\t<\/div>\n\t\t\t\t<div class=\"elementor-element elementor-element-e5d83f3 elementor-hidden-tablet elementor-hidden-mobile elementor-widget elementor-widget-tm-ele-floating-objects\" data-id=\"e5d83f3\" data-element_type=\"widget\" data-e-type=\"widget\" data-widget_type=\"tm-ele-floating-objects.default\">\n\t\t\t\t<div class=\"elementor-widget-container\">\n\t\t\t\t\t\t\t<div class=\"tm-ele-floating-objects\">\r\n\t<span class=\"each-object elementor-repeater-item-7c0526a  tm-animation-floating\"  style=\";\"><\/span>\t\t<\/div>\r\n\t\t\t\t\t<\/div>\n\t\t\t\t<\/div>\n\t\t\t\t<\/div>\n\t\t\t\t<\/div>\n\t\t<div data-particle_enable=\"false\" data-particle-mobile-disabled=\"false\" class=\"elementor-element elementor-element-5c44054 e-con-full e-flex tm-col-stretched-none tm-bg-color-over-image e-con e-child\" data-id=\"5c44054\" data-element_type=\"container\" data-e-type=\"container\">\n\t\t\t\t<div class=\"elementor-element elementor-element-1200015 elementor-widget__width-initial elementor-widget elementor-widget-tm-ele-service-block\" data-id=\"1200015\" data-element_type=\"widget\" data-e-type=\"widget\" id=\"sevweb\" data-widget_type=\"tm-ele-service-block.default\">\n\t\t\t\t<div class=\"elementor-widget-container\">\n\t\t\t\t\t\r\n\t<!-- Service Section -->\r\n\t<div class=\"service-creative-style1\">\r\n\t\t<div class=\"row\">\r\n\t\t\t<div class=\"image-column col-xl-5 col-md-6 col-sm-12\">\r\n\t\t\t\t<!-- the loop -->\r\n\t\t\t\t\t\t\t\t\t\t\t\t\t\t<div class=\"inner-colmun\">\r\n\t\t\t\t\t\t<div class=\"image-box\">\r\n\t\t\t\t\t\t\t\r\n\t\t\r\n<div class=\"service-featured-img\">\r\n\t<img fetchpriority=\"high\" decoding=\"async\" src=\"https:\/\/webmediarebels.com\/wp-content\/uploads\/2025\/08\/portAtivo-8-550x550.png\" width=\"550\" height=\"550\" alt=\"\">\r\n<\/div>\t\t\t\t\t\t<\/div>\r\n\t\t\t\t\t<\/div>\r\n\t\t\t\t\t\t\t\t\t\t\t\t\t\t<div class=\"inner-colmun\">\r\n\t\t\t\t\t\t<div class=\"image-box\">\r\n\t\t\t\t\t\t\t\r\n\t\t\r\n<div class=\"service-featured-img\">\r\n\t<img decoding=\"async\" src=\"https:\/\/webmediarebels.com\/wp-content\/uploads\/2025\/08\/Ativo-6-550x550.png\" width=\"550\" height=\"550\" alt=\"\">\r\n<\/div>\t\t\t\t\t\t<\/div>\r\n\t\t\t\t\t<\/div>\r\n\t\t\t\t\t\t\t\t\t\t\t\t\t\t<div class=\"inner-colmun\">\r\n\t\t\t\t\t\t<div class=\"image-box\">\r\n\t\t\t\t\t\t\t\r\n\t\t\r\n<div class=\"service-featured-img\">\r\n\t<img decoding=\"async\" src=\"https:\/\/webmediarebels.com\/wp-content\/uploads\/2025\/08\/portAtivo-9-550x550.png\" width=\"550\" height=\"550\" alt=\"\">\r\n<\/div>\t\t\t\t\t\t<\/div>\r\n\t\t\t\t\t<\/div>\r\n\t\t\t\t\t\t\t\t\t\t\t\t\t\t<div class=\"inner-colmun\">\r\n\t\t\t\t\t\t<div class=\"image-box\">\r\n\t\t\t\t\t\t\t\r\n\t\t\r\n<div class=\"service-featured-img\">\r\n\t<img loading=\"lazy\" decoding=\"async\" src=\"https:\/\/webmediarebels.com\/wp-content\/uploads\/2025\/08\/portAtivo-7-550x550.png\" width=\"550\" height=\"550\" alt=\"\">\r\n<\/div>\t\t\t\t\t\t<\/div>\r\n\t\t\t\t\t<\/div>\r\n\t\t\t\t\t\t\t\t<!-- end of the loop -->\r\n\t\t\t<\/div>\r\n\t\t\t<div class=\"content-colmun col-xl-6 offset-xl-1 col-md-5 offset-md-1 col-sm-12\">\r\n\t\t\t\t<div class=\"inner-colmun\">\r\n\t\t\t\t\t<div class=\"services-list\">\r\n\t\t\t\t\t\t<!-- the loop -->\r\n\t\t\t\t\t\t\t\t\t\t\t\t\r\n\t\t\t\t\t\t<div class=\"service-creative-detials\">\r\n\t\t\t\t\t\t\t<div class=\"title-area\">\r\n\t\t\t\t\t\t\t\t\r\n\t\t\r\n<div class=\"service-icon icon-img\">\r\n\t<img loading=\"lazy\" decoding=\"async\" src=\"https:\/\/webmediarebels.com\/wp-content\/uploads\/2025\/10\/Soft-Star-3.png\" width=\"19\" height=\"20\" alt=\"website-creation-in-munique-webmediarebels.png\">\r\n<\/div>\t\t\t\t\t\t\t\t\r\n\t\t<h4 class=\"service-title\">\r\n\t\t\t\t<a\r\n\t\t\t\t\t\thref=\"https:\/\/webmediarebels.com\/en\/services\/site-institucional\/\">\r\n\t\t\tInstitutional Website\t\t<\/a>\r\n\t\t\t<\/h4>\r\n\t\t\t\t\t\t\t\t<\/div>\r\n\t\t\t\t\t\t<\/div>\r\n\r\n\t\t\t\t\t\t\t\t\t\t\t\t\r\n\t\t\t\t\t\t<div class=\"service-creative-detials\">\r\n\t\t\t\t\t\t\t<div class=\"title-area\">\r\n\t\t\t\t\t\t\t\t\r\n\t\t\r\n<div class=\"service-icon icon-img\">\r\n\t<img loading=\"lazy\" decoding=\"async\" src=\"https:\/\/webmediarebels.com\/wp-content\/uploads\/2025\/10\/Soft-Star-3.png\" width=\"19\" height=\"20\" alt=\"website-creation-in-munique-webmediarebels.png\">\r\n<\/div>\t\t\t\t\t\t\t\t\r\n\t\t<h4 class=\"service-title\">\r\n\t\t\t\t<a\r\n\t\t\t\t\t\thref=\"https:\/\/webmediarebels.com\/en\/services\/landing-page\/\">\r\n\t\t\tLanding Page\t\t<\/a>\r\n\t\t\t<\/h4>\r\n\t\t\t\t\t\t\t\t<\/div>\r\n\t\t\t\t\t\t<\/div>\r\n\r\n\t\t\t\t\t\t\t\t\t\t\t\t\r\n\t\t\t\t\t\t<div class=\"service-creative-detials\">\r\n\t\t\t\t\t\t\t<div class=\"title-area\">\r\n\t\t\t\t\t\t\t\t\r\n\t\t\r\n<div class=\"service-icon icon-img\">\r\n\t<img loading=\"lazy\" decoding=\"async\" src=\"https:\/\/webmediarebels.com\/wp-content\/uploads\/2025\/10\/Soft-Star-3.png\" width=\"19\" height=\"20\" alt=\"website-creation-in-munique-webmediarebels.png\">\r\n<\/div>\t\t\t\t\t\t\t\t\r\n\t\t<h4 class=\"service-title\">\r\n\t\t\t\t<a\r\n\t\t\t\t\t\thref=\"https:\/\/webmediarebels.com\/en\/services\/course-platform\/\">\r\n\t\t\tCourse Platform\t\t<\/a>\r\n\t\t\t<\/h4>\r\n\t\t\t\t\t\t\t\t<\/div>\r\n\t\t\t\t\t\t<\/div>\r\n\r\n\t\t\t\t\t\t\t\t\t\t\t\t\r\n\t\t\t\t\t\t<div class=\"service-creative-detials\">\r\n\t\t\t\t\t\t\t<div class=\"title-area\">\r\n\t\t\t\t\t\t\t\t\r\n\t\t\r\n<div class=\"service-icon icon-img\">\r\n\t<img loading=\"lazy\" decoding=\"async\" src=\"https:\/\/webmediarebels.com\/wp-content\/uploads\/2025\/10\/Soft-Star-3.png\" width=\"19\" height=\"20\" alt=\"website-creation-in-munique-webmediarebels.png\">\r\n<\/div>\t\t\t\t\t\t\t\t\r\n\t\t<h4 class=\"service-title\">\r\n\t\t\t\t<a\r\n\t\t\t\t\t\thref=\"https:\/\/webmediarebels.com\/en\/services\/online-store\/\">\r\n\t\t\tOnline Store\t\t<\/a>\r\n\t\t\t<\/h4>\r\n\t\t\t\t\t\t\t\t<\/div>\r\n\t\t\t\t\t\t<\/div>\r\n\r\n\t\t\t\t\t\t\t\t\t\t\t\t<!-- end of the loop -->\r\n\t\t\t\t\t<\/div>\r\n\t\t\t\t<\/div>\r\n\t\t\t<\/div>\r\n\t\t<\/div>\r\n\t<\/div>\r\n\t<!-- End Service Section -->\r\n\t\t\t\t<\/div>\n\t\t\t\t<\/div>\n\t\t\t\t<\/div>\n\t\t\t\t\t<\/div>\n\t\t\t\t<\/div>\n\t\t\t\t<\/div>\n\t\t\t\t<\/div>\n\t\t<div data-particle_enable=\"false\" data-particle-mobile-disabled=\"false\" class=\"elementor-element elementor-element-a378efe e-con-full elementor-hidden-mobile e-flex tm-col-stretched-none tm-bg-color-over-image e-con e-parent\" data-id=\"a378efe\" data-element_type=\"container\" data-e-type=\"container\" id=\"media\">\n\t\t<div data-particle_enable=\"false\" data-particle-mobile-disabled=\"false\" class=\"elementor-element elementor-element-48f924d e-con-full e-flex tm-col-stretched-none tm-bg-color-over-image e-con e-child\" data-id=\"48f924d\" data-element_type=\"container\" data-e-type=\"container\">\n\t\t<div data-particle_enable=\"false\" data-particle-mobile-disabled=\"false\" class=\"elementor-element elementor-element-4f3b454 e-con-full tm-col-stretched-none e-flex tm-bg-color-over-image e-con e-child\" data-id=\"4f3b454\" data-element_type=\"container\" data-e-type=\"container\">\n\t\t\t\t<div class=\"elementor-element elementor-element-93d1d92 elementor-widget elementor-widget-tm-ele-text-editor-advanced\" data-id=\"93d1d92\" data-element_type=\"widget\" data-e-type=\"widget\" data-widget_type=\"tm-ele-text-editor-advanced.default\">\n\t\t\t\t<div class=\"elementor-widget-container\">\n\t\t\t\t\t\t\t<div class=\"tm-text-editor-advanced\">\r\n\t\t\t\t\t<div class=\"each-item elementor-repeater-item-9c1902b\"  data-parallax=\"{&quot;x&quot;:300,&quot;y&quot;:&quot;&quot;,&quot;scale&quot;:&quot;&quot;,&quot;rotate&quot;:&quot;&quot;,&quot;opacity&quot;:&quot;&quot;}\" >\r\n\t\t\t\t<p>Services<\/p>\t\t\t\t<\/div>\r\n\t\t\t\t\t\t<\/div>\r\n\t\t\t\t\t<\/div>\n\t\t\t\t<\/div>\n\t\t\t\t<div class=\"elementor-element elementor-element-3a06c5c elementor-widget elementor-widget-tm-ele-text-editor-advanced\" data-id=\"3a06c5c\" data-element_type=\"widget\" data-e-type=\"widget\" data-widget_type=\"tm-ele-text-editor-advanced.default\">\n\t\t\t\t<div class=\"elementor-widget-container\">\n\t\t\t\t\t\t\t<div class=\"tm-text-editor-advanced\">\r\n\t\t\t\t\t<div class=\"each-item elementor-repeater-item-9c1902b text-theme-colored1\"  data-parallax=\"{&quot;x&quot;:300,&quot;y&quot;:&quot;&quot;,&quot;scale&quot;:&quot;&quot;,&quot;rotate&quot;:&quot;&quot;,&quot;opacity&quot;:&quot;&quot;}\" >\r\n\t\t\t\t<p>Media<\/p>\t\t\t\t<\/div>\r\n\t\t\t\t\t\t<\/div>\r\n\t\t\t\t\t<\/div>\n\t\t\t\t<\/div>\n\t\t\t\t<\/div>\n\t\t\t\t<\/div>\n\t\t\t\t<\/div>\n\t\t<div data-particle_enable=\"false\" data-particle-mobile-disabled=\"false\" class=\"elementor-element elementor-element-88b7399 e-con-full e-flex tm-col-stretched-none tm-bg-color-over-image e-con e-parent\" data-id=\"88b7399\" data-element_type=\"container\" data-e-type=\"container\" data-settings=\"{&quot;background_background&quot;:&quot;classic&quot;}\">\n\t\t<div data-particle_enable=\"false\" data-particle-mobile-disabled=\"false\" class=\"elementor-element elementor-element-71dbdcf e-con-full overflow-hidden e-flex tm-col-stretched-none tm-bg-color-over-image e-con e-child\" data-id=\"71dbdcf\" data-element_type=\"container\" data-e-type=\"container\" data-settings=\"{&quot;background_background&quot;:&quot;classic&quot;}\">\n\t\t<div data-particle_enable=\"false\" data-particle-mobile-disabled=\"false\" class=\"elementor-element elementor-element-2a2030f e-con-full e-flex tm-col-stretched-none tm-bg-color-over-image e-con e-child\" data-id=\"2a2030f\" data-element_type=\"container\" data-e-type=\"container\">\n\t\t<div data-particle_enable=\"false\" data-particle-mobile-disabled=\"false\" class=\"elementor-element elementor-element-cedc93d e-con-full e-flex tm-col-stretched-none tm-bg-color-over-image e-con e-child\" data-id=\"cedc93d\" data-element_type=\"container\" data-e-type=\"container\">\n\t\t<div data-particle_enable=\"false\" data-particle-mobile-disabled=\"false\" class=\"elementor-element elementor-element-7401492 e-con-full e-flex tm-col-stretched-none tm-bg-color-over-image e-con e-child\" data-id=\"7401492\" data-element_type=\"container\" data-e-type=\"container\">\n\t\t\t\t<div class=\"elementor-element elementor-element-e2f550b horizontal-line-align-left vertical-line-align-bottom elementor-widget elementor-widget-tm-ele-section-title\" data-id=\"e2f550b\" data-element_type=\"widget\" data-e-type=\"widget\" data-widget_type=\"tm-ele-section-title.default\">\n\t\t\t\t<div class=\"elementor-widget-container\">\n\t\t\t\t\t<div class=\"tm-sc-section-title section-title title-icon-pos-icon-top\">\r\n\t<div class=\"title-wrapper\">\r\n\t\t\t\t<img decoding=\"async\" class=\"title-icon\" src=\"https:\/\/webmediarebels.com\/wp-content\/uploads\/2025\/08\/Soft-Star.png\" alt=\"icon\">\t\t\t\t\r\n\r\n<div class=\"sub-title-outer\">\r\n\t\t<div class=\"subtitle\">\r\n\r\n\t\t\r\n\t\tMedia Services\t<\/div>\r\n\t<\/div>\t\t\t<h2 class=\"title\"  >\r\n\r\n\t\t\r\n\t\t\t\t\r\n\t\t\t\t\t\r\n\r\n\t\t\t\t\r\n\t\t\t\t\t\t\t\t<span class=\"elementor-repeater-item-57331e8\">From script to editing, content that connects, <\/span>\r\n\t\t\t\t\t\t\t\r\n\r\n\t\t\t\t\r\n\t\t\t\t\t\t\t\t<span class=\"elementor-repeater-item-6ea4526\">It excites and boosts sales on any platform.<\/span>\r\n\t\t\t\t\t\t\t\t\t\r\n\t<\/h2>\r\n\t<div class=\"title-seperator-line\"><\/div>\t\t\t\t\t\t<\/div>\r\n<\/div>\t\t\t\t<\/div>\n\t\t\t\t<\/div>\n\t\t\t\t<div class=\"elementor-element elementor-element-2b0e037 elementor-hidden-tablet elementor-hidden-mobile elementor-widget elementor-widget-tm-ele-floating-objects\" data-id=\"2b0e037\" data-element_type=\"widget\" data-e-type=\"widget\" data-widget_type=\"tm-ele-floating-objects.default\">\n\t\t\t\t<div class=\"elementor-widget-container\">\n\t\t\t\t\t\t\t<div class=\"tm-ele-floating-objects\">\r\n\t<span class=\"each-object elementor-repeater-item-7c0526a  tm-animation-floating\"  style=\";\"><\/span>\t\t<\/div>\r\n\t\t\t\t\t<\/div>\n\t\t\t\t<\/div>\n\t\t\t\t<\/div>\n\t\t\t\t<\/div>\n\t\t<div data-particle_enable=\"false\" data-particle-mobile-disabled=\"false\" class=\"elementor-element elementor-element-b0ae7ef e-con-full e-flex tm-col-stretched-none tm-bg-color-over-image e-con e-child\" data-id=\"b0ae7ef\" data-element_type=\"container\" data-e-type=\"container\">\n\t\t\t\t<div class=\"elementor-element elementor-element-d0c03a9 elementor-widget__width-initial elementor-widget elementor-widget-tm-ele-service-block\" data-id=\"d0c03a9\" data-element_type=\"widget\" data-e-type=\"widget\" id=\"sevmedia\" data-widget_type=\"tm-ele-service-block.default\">\n\t\t\t\t<div class=\"elementor-widget-container\">\n\t\t\t\t\t\r\n\t<!-- Service Section -->\r\n\t<div class=\"service-creative-style1\">\r\n\t\t<div class=\"row\">\r\n\t\t\t<div class=\"image-column col-xl-5 col-md-6 col-sm-12\">\r\n\t\t\t\t<!-- the loop -->\r\n\t\t\t\t\t\t\t\t\t\t\t\t\t\t<div class=\"inner-colmun\">\r\n\t\t\t\t\t\t<div class=\"image-box\">\r\n\t\t\t\t\t\t\t\r\n\t\t\r\n<div class=\"service-featured-img\">\r\n\t<img loading=\"lazy\" decoding=\"async\" src=\"https:\/\/webmediarebels.com\/wp-content\/uploads\/2025\/08\/Captura-de-Tela-2025-08-16-as-18.34.32-1-550x550.png\" width=\"550\" height=\"550\" alt=\"\">\r\n<\/div>\t\t\t\t\t\t<\/div>\r\n\t\t\t\t\t<\/div>\r\n\t\t\t\t\t\t\t\t\t\t\t\t\t\t<div class=\"inner-colmun\">\r\n\t\t\t\t\t\t<div class=\"image-box\">\r\n\t\t\t\t\t\t\t\r\n\t\t\r\n<div class=\"service-featured-img\">\r\n\t<img loading=\"lazy\" decoding=\"async\" src=\"https:\/\/webmediarebels.com\/wp-content\/uploads\/2025\/08\/DSC04836-550x550.jpg\" width=\"550\" height=\"550\" alt=\"\">\r\n<\/div>\t\t\t\t\t\t<\/div>\r\n\t\t\t\t\t<\/div>\r\n\t\t\t\t\t\t\t\t\t\t\t\t\t\t<div class=\"inner-colmun\">\r\n\t\t\t\t\t\t<div class=\"image-box\">\r\n\t\t\t\t\t\t\t\r\n\t\t\r\n<div class=\"service-featured-img\">\r\n\t<img loading=\"lazy\" decoding=\"async\" src=\"https:\/\/webmediarebels.com\/wp-content\/uploads\/2025\/08\/IMG_2589-550x550.jpg\" width=\"550\" height=\"550\" alt=\"\">\r\n<\/div>\t\t\t\t\t\t<\/div>\r\n\t\t\t\t\t<\/div>\r\n\t\t\t\t\t\t\t\t\t\t\t\t\t\t<div class=\"inner-colmun\">\r\n\t\t\t\t\t\t<div class=\"image-box\">\r\n\t\t\t\t\t\t\t\r\n\t\t\r\n<div class=\"service-featured-img\">\r\n\t<img loading=\"lazy\" decoding=\"async\" src=\"https:\/\/webmediarebels.com\/wp-content\/uploads\/2025\/08\/Captura-de-Tela-2025-08-16-as-18.54.43-1-550x550.png\" width=\"550\" height=\"550\" alt=\"\">\r\n<\/div>\t\t\t\t\t\t<\/div>\r\n\t\t\t\t\t<\/div>\r\n\t\t\t\t\t\t\t\t<!-- end of the loop -->\r\n\t\t\t<\/div>\r\n\t\t\t<div class=\"content-colmun col-xl-6 offset-xl-1 col-md-5 offset-md-1 col-sm-12\">\r\n\t\t\t\t<div class=\"inner-colmun\">\r\n\t\t\t\t\t<div class=\"services-list\">\r\n\t\t\t\t\t\t<!-- the loop -->\r\n\t\t\t\t\t\t\t\t\t\t\t\t\r\n\t\t\t\t\t\t<div class=\"service-creative-detials\">\r\n\t\t\t\t\t\t\t<div class=\"title-area\">\r\n\t\t\t\t\t\t\t\t\r\n\t\t\r\n<div class=\"service-icon icon-img\">\r\n\t<img loading=\"lazy\" decoding=\"async\" src=\"https:\/\/webmediarebels.com\/wp-content\/uploads\/2025\/10\/Soft-Star-3.png\" width=\"19\" height=\"20\" alt=\"website-creation-in-munique-webmediarebels.png\">\r\n<\/div>\t\t\t\t\t\t\t\t\r\n\t\t<h4 class=\"service-title\">\r\n\t\t\t\t<a\r\n\t\t\t\t\t\thref=\"https:\/\/webmediarebels.com\/en\/services\/professional-video-capture-and-editing\/\">\r\n\t\t\tProfessional Video Capture and Editing\t\t<\/a>\r\n\t\t\t<\/h4>\r\n\t\t\t\t\t\t\t\t<\/div>\r\n\t\t\t\t\t\t<\/div>\r\n\r\n\t\t\t\t\t\t\t\t\t\t\t\t\r\n\t\t\t\t\t\t<div class=\"service-creative-detials\">\r\n\t\t\t\t\t\t\t<div class=\"title-area\">\r\n\t\t\t\t\t\t\t\t\r\n\t\t\r\n<div class=\"service-icon icon-img\">\r\n\t<img loading=\"lazy\" decoding=\"async\" src=\"https:\/\/webmediarebels.com\/wp-content\/uploads\/2025\/10\/Soft-Star-3.png\" width=\"19\" height=\"20\" alt=\"website-creation-in-munique-webmediarebels.png\">\r\n<\/div>\t\t\t\t\t\t\t\t\r\n\t\t<h4 class=\"service-title\">\r\n\t\t\t\t<a\r\n\t\t\t\t\t\thref=\"https:\/\/webmediarebels.com\/en\/services\/professional-photos\/\">\r\n\t\t\tProfessional Photos\t\t<\/a>\r\n\t\t\t<\/h4>\r\n\t\t\t\t\t\t\t\t<\/div>\r\n\t\t\t\t\t\t<\/div>\r\n\r\n\t\t\t\t\t\t\t\t\t\t\t\t\r\n\t\t\t\t\t\t<div class=\"service-creative-detials\">\r\n\t\t\t\t\t\t\t<div class=\"title-area\">\r\n\t\t\t\t\t\t\t\t\r\n\t\t\r\n<div class=\"service-icon icon-img\">\r\n\t<img loading=\"lazy\" decoding=\"async\" src=\"https:\/\/webmediarebels.com\/wp-content\/uploads\/2025\/10\/Soft-Star-3.png\" width=\"19\" height=\"20\" alt=\"website-creation-in-munique-webmediarebels.png\">\r\n<\/div>\t\t\t\t\t\t\t\t\r\n\t\t<h4 class=\"service-title\">\r\n\t\t\t\t<a\r\n\t\t\t\t\t\thref=\"https:\/\/webmediarebels.com\/en\/services\/reels-shorts\/\">\r\n\t\t\tReels &amp; Shorts\t\t<\/a>\r\n\t\t\t<\/h4>\r\n\t\t\t\t\t\t\t\t<\/div>\r\n\t\t\t\t\t\t<\/div>\r\n\r\n\t\t\t\t\t\t\t\t\t\t\t\t\r\n\t\t\t\t\t\t<div class=\"service-creative-detials\">\r\n\t\t\t\t\t\t\t<div class=\"title-area\">\r\n\t\t\t\t\t\t\t\t\r\n\t\t\r\n<div class=\"service-icon icon-img\">\r\n\t<img loading=\"lazy\" decoding=\"async\" src=\"https:\/\/webmediarebels.com\/wp-content\/uploads\/2025\/10\/Soft-Star-3.png\" width=\"19\" height=\"20\" alt=\"website-creation-in-munique-webmediarebels.png\">\r\n<\/div>\t\t\t\t\t\t\t\t\r\n\t\t<h4 class=\"service-title\">\r\n\t\t\t\t<a\r\n\t\t\t\t\t\thref=\"https:\/\/webmediarebels.com\/en\/services\/social-media\/\">\r\n\t\t\tSocial Media\t\t<\/a>\r\n\t\t\t<\/h4>\r\n\t\t\t\t\t\t\t\t<\/div>\r\n\t\t\t\t\t\t<\/div>\r\n\r\n\t\t\t\t\t\t\t\t\t\t\t\t<!-- end of the loop -->\r\n\t\t\t\t\t<\/div>\r\n\t\t\t\t<\/div>\r\n\t\t\t<\/div>\r\n\t\t<\/div>\r\n\t<\/div>\r\n\t<!-- End Service Section -->\r\n\t\t\t\t<\/div>\n\t\t\t\t<\/div>\n\t\t\t\t<\/div>\n\t\t\t\t<\/div>\n\t\t\t\t<\/div>\n\t\t\t\t<\/div>\n\t\t\t\t<\/div>","protected":false},"excerpt":{"rendered":"<p>Servi\u00e7os web Servi\u00e7os Web Criamos sites, lojas virtuais e plataformas personalizadas com design impec\u00e1vel, performance t\u00e9cnica e SEO estrat\u00e9gico. Site&#8230;<\/p>","protected":false},"author":1,"featured_media":0,"parent":0,"menu_order":0,"comment_status":"closed","ping_status":"closed","template":"","meta":{"footnotes":""},"class_list":["post-4740","page","type-page","status-publish","hentry"],"_links":{"self":[{"href":"https:\/\/webmediarebels.com\/en\/wp-json\/wp\/v2\/pages\/4740","targetHints":{"allow":["GET"]}}],"collection":[{"href":"https:\/\/webmediarebels.com\/en\/wp-json\/wp\/v2\/pages"}],"about":[{"href":"https:\/\/webmediarebels.com\/en\/wp-json\/wp\/v2\/types\/page"}],"author":[{"embeddable":true,"href":"https:\/\/webmediarebels.com\/en\/wp-json\/wp\/v2\/users\/1"}],"replies":[{"embeddable":true,"href":"https:\/\/webmediarebels.com\/en\/wp-json\/wp\/v2\/comments?post=4740"}],"version-history":[{"count":0,"href":"https:\/\/webmediarebels.com\/en\/wp-json\/wp\/v2\/pages\/4740\/revisions"}],"wp:attachment":[{"href":"https:\/\/webmediarebels.com\/en\/wp-json\/wp\/v2\/media?parent=4740"}],"curies":[{"name":"wp","href":"https:\/\/api.w.org\/{rel}","templated":true}]}}