{"id":18169,"date":"2025-10-16T21:00:14","date_gmt":"2025-10-16T21:00:14","guid":{"rendered":"https:\/\/webmediarebels.com\/?page_id=18169"},"modified":"2025-11-14T06:57:20","modified_gmt":"2025-11-14T06:57:20","slug":"i-want-to-talk","status":"publish","type":"page","link":"https:\/\/webmediarebels.com\/en\/i-want-to-talk\/","title":{"rendered":"I want to talk"},"content":{"rendered":"<div data-elementor-type=\"wp-page\" data-elementor-id=\"18169\" class=\"elementor elementor-18169\" data-elementor-post-type=\"page\">\n\t\t\t\t<div data-particle_enable=\"false\" data-particle-mobile-disabled=\"false\" class=\"elementor-element elementor-element-47e5672 e-flex e-con-boxed tm-col-stretched-none tm-bg-color-over-image e-con e-parent\" data-id=\"47e5672\" data-element_type=\"container\" data-e-type=\"container\">\n\t\t\t\t\t<div class=\"e-con-inner\">\n\t\t<div data-particle_enable=\"false\" data-particle-mobile-disabled=\"false\" class=\"elementor-element elementor-element-052161a e-con-full e-flex tm-col-stretched-none tm-bg-color-over-image e-con e-child\" data-id=\"052161a\" data-element_type=\"container\" data-e-type=\"container\">\n\t\t<div data-particle_enable=\"false\" data-particle-mobile-disabled=\"false\" class=\"elementor-element elementor-element-5599662 e-con-full tm-col-stretched-none e-flex tm-bg-color-over-image e-con e-child\" data-id=\"5599662\" data-element_type=\"container\" data-e-type=\"container\">\n\t\t<div data-particle_enable=\"false\" data-particle-mobile-disabled=\"false\" class=\"elementor-element elementor-element-922e818 e-con-full tm-col-stretched-none e-flex tm-bg-color-over-image e-con e-child\" data-id=\"922e818\" data-element_type=\"container\" data-e-type=\"container\">\n\t\t\t\t<div class=\"elementor-element elementor-element-aa1beed elementor-widget elementor-widget-image\" data-id=\"aa1beed\" data-element_type=\"widget\" data-e-type=\"widget\" data-widget_type=\"image.default\">\n\t\t\t\t\t\t\t\t\t\t\t\t\t\t\t<img decoding=\"async\" width=\"19\" height=\"20\" src=\"https:\/\/webmediarebels.com\/wp-content\/uploads\/2025\/10\/Soft-Star-3.png\" class=\"attachment-large size-large wp-image-18070\" alt=\"website-creation-in-munique-webmediarebels.png\" \/>\t\t\t\t\t\t\t\t\t\t\t\t\t\t\t<\/div>\n\t\t\t\t<div class=\"elementor-element elementor-element-ccf791e elementor-widget elementor-widget-tm-ele-text-editor\" data-id=\"ccf791e\" data-element_type=\"widget\" data-e-type=\"widget\" data-widget_type=\"tm-ele-text-editor.default\">\n\t\t\t\t<div class=\"elementor-widget-container\">\n\t\t\t\t\t\t\t<div class=\"tm-text-editor\" >\r\n\t\t<p>I want to talk<\/p>\t\t<\/div>\r\n\t\t\t\t\t<\/div>\n\t\t\t\t<\/div>\n\t\t\t\t<\/div>\n\t\t<div data-particle_enable=\"false\" data-particle-mobile-disabled=\"false\" class=\"elementor-element elementor-element-bf6a6bb e-con-full tm-col-stretched-none e-flex tm-bg-color-over-image e-con e-child\" data-id=\"bf6a6bb\" data-element_type=\"container\" data-e-type=\"container\">\n\t\t\t\t<div class=\"elementor-element elementor-element-c2af256 horizontal-line-align-left vertical-line-align-bottom elementor-widget elementor-widget-tm-ele-section-title\" data-id=\"c2af256\" data-element_type=\"widget\" data-e-type=\"widget\" data-widget_type=\"tm-ele-section-title.default\">\n\t\t\t\t<div class=\"elementor-widget-container\">\n\t\t\t\t\t<div class=\"tm-sc-section-title section-title\">\r\n\t<div class=\"title-wrapper\">\r\n\t\t\t\t\t\t\t<h2 class=\"title tm-split-text split-in-right\"  >\r\n\r\n\t\t\r\n\t\t\t\t\r\n\t\t\t\t\t\r\n\r\n\t\t\t\t\r\n\t\t\t\t\t\t\t\t<span class=\"elementor-repeater-item-4a583c0\">Discover what you need.<\/span>\r\n\t\t\t\t\t\t\t\r\n\r\n\t\t\t\t\r\n\t\t\t\t\t\t\t\t<span class=\"elementor-repeater-item-67477aa\">Tell us your idea and we&#039;ll give you the best solution. <\/span>\r\n\t\t\t\t\t\t\t\t\t\r\n\t<\/h2>\r\n\t<div class=\"title-seperator-line\"><\/div>\t\t\t\t\t\t<\/div>\r\n<\/div>\t\t\t\t<\/div>\n\t\t\t\t<\/div>\n\t\t\t\t<div class=\"elementor-element elementor-element-cb99956 elementor-widget__width-initial elementor-widget elementor-widget-tm-ele-text-editor\" data-id=\"cb99956\" data-element_type=\"widget\" data-e-type=\"widget\" data-widget_type=\"tm-ele-text-editor.default\">\n\t\t\t\t<div class=\"elementor-widget-container\">\n\t\t\t\t\t\t\t<div class=\"tm-text-editor\" >\r\n\t\t<p data-start=\"77\" data-end=\"374\">Fill out the form below telling us a little about your business, your goals, and what you would like to create. Our team will analyze your answers and contact you to better understand your needs and present the best solution for you.<\/p>\t\t<\/div>\r\n\t\t\t\t\t<\/div>\n\t\t\t\t<\/div>\n\t\t\t\t<div class=\"elementor-element elementor-element-d19bd87 elementor-widget__width-initial elementor-widget elementor-widget-tm-ele-text-editor\" data-id=\"d19bd87\" data-element_type=\"widget\" data-e-type=\"widget\" data-widget_type=\"tm-ele-text-editor.default\">\n\t\t\t\t<div class=\"elementor-widget-container\">\n\t\t\t\t\t\t\t<div class=\"tm-text-editor\" >\r\n\t\t<p><strong data-start=\"89\" data-end=\"123\">Do you know exactly what you want?<\/strong><a href=\"https:\/\/webmediarebels.com\/en\/request-a-quote\/\"> Click here to go directly to the form to request your proposal.<\/a><\/p>\t\t<\/div>\r\n\t\t\t\t\t<\/div>\n\t\t\t\t<\/div>\n\t\t\t\t<\/div>\n\t\t\t\t<\/div>\n\t\t\t\t<\/div>\n\t\t\t\t\t<\/div>\n\t\t\t\t<\/div>\n\t\t<div data-particle_enable=\"false\" data-particle-mobile-disabled=\"false\" class=\"elementor-element elementor-element-55eb1aa e-flex e-con-boxed tm-col-stretched-none tm-bg-color-over-image e-con e-parent\" data-id=\"55eb1aa\" data-element_type=\"container\" data-e-type=\"container\">\n\t\t\t\t\t<div class=\"e-con-inner\">\n\t\t\t\t<div class=\"elementor-element elementor-element-97c4ad6 elementor-widget elementor-widget-eael-typeform\" data-id=\"97c4ad6\" data-element_type=\"widget\" data-e-type=\"widget\" data-widget_type=\"eael-typeform.default\">\n\t\t\t\t\t<div data-typeform=\"{&quot;url&quot;:&quot;https:\\\/\\\/form.typeform.com\\\/to\\\/AKtBBI4P&quot;,&quot;hideFooter&quot;:false,&quot;hideHeaders&quot;:false,&quot;opacity&quot;:50}\" id=\"eael-type-form-97c4ad6\" class=\"eael-typeform clearfix fs_wp_sidebar fsBody eael-contact-form eael-typeform-align-default\"><\/div>\t\t\t\t<\/div>\n\t\t\t\t\t<\/div>\n\t\t\t\t<\/div>\n\t\t\t\t<\/div>","protected":false},"excerpt":{"rendered":"<p>Quero conversar Descubra o que voc\u00ea precisa. Conte pra gente sua ideia e daremos a melhor solu\u00e7\u00e3o Preencha o formul\u00e1rio&#8230;<\/p>","protected":false},"author":1,"featured_media":0,"parent":0,"menu_order":0,"comment_status":"closed","ping_status":"closed","template":"","meta":{"footnotes":""},"class_list":["post-18169","page","type-page","status-publish","hentry"],"_links":{"self":[{"href":"https:\/\/webmediarebels.com\/en\/wp-json\/wp\/v2\/pages\/18169","targetHints":{"allow":["GET"]}}],"collection":[{"href":"https:\/\/webmediarebels.com\/en\/wp-json\/wp\/v2\/pages"}],"about":[{"href":"https:\/\/webmediarebels.com\/en\/wp-json\/wp\/v2\/types\/page"}],"author":[{"embeddable":true,"href":"https:\/\/webmediarebels.com\/en\/wp-json\/wp\/v2\/users\/1"}],"replies":[{"embeddable":true,"href":"https:\/\/webmediarebels.com\/en\/wp-json\/wp\/v2\/comments?post=18169"}],"version-history":[{"count":0,"href":"https:\/\/webmediarebels.com\/en\/wp-json\/wp\/v2\/pages\/18169\/revisions"}],"wp:attachment":[{"href":"https:\/\/webmediarebels.com\/en\/wp-json\/wp\/v2\/media?parent=18169"}],"curies":[{"name":"wp","href":"https:\/\/api.w.org\/{rel}","templated":true}]}}