{"id":18160,"date":"2025-10-16T20:41:46","date_gmt":"2025-10-16T20:41:46","guid":{"rendered":"https:\/\/webmediarebels.com\/?page_id=18160"},"modified":"2025-11-14T06:55:50","modified_gmt":"2025-11-14T06:55:50","slug":"request-a-quote","status":"publish","type":"page","link":"https:\/\/webmediarebels.com\/en\/request-a-quote\/","title":{"rendered":"Request a Quote"},"content":{"rendered":"<div data-elementor-type=\"wp-page\" data-elementor-id=\"18160\" class=\"elementor elementor-18160\" data-elementor-post-type=\"page\">\n\t\t\t\t<div data-particle_enable=\"false\" data-particle-mobile-disabled=\"false\" class=\"elementor-element elementor-element-97dbdb1 e-flex e-con-boxed tm-col-stretched-none tm-bg-color-over-image e-con e-parent\" data-id=\"97dbdb1\" data-element_type=\"container\" data-e-type=\"container\">\n\t\t\t\t\t<div class=\"e-con-inner\">\n\t\t<div data-particle_enable=\"false\" data-particle-mobile-disabled=\"false\" class=\"elementor-element elementor-element-2b946e1 e-con-full e-flex tm-col-stretched-none tm-bg-color-over-image e-con e-child\" data-id=\"2b946e1\" data-element_type=\"container\" data-e-type=\"container\">\n\t\t<div data-particle_enable=\"false\" data-particle-mobile-disabled=\"false\" class=\"elementor-element elementor-element-0886896 e-con-full tm-col-stretched-none e-flex tm-bg-color-over-image e-con e-child\" data-id=\"0886896\" data-element_type=\"container\" data-e-type=\"container\">\n\t\t<div data-particle_enable=\"false\" data-particle-mobile-disabled=\"false\" class=\"elementor-element elementor-element-04f7c04 e-con-full tm-col-stretched-none e-flex tm-bg-color-over-image e-con e-child\" data-id=\"04f7c04\" data-element_type=\"container\" data-e-type=\"container\">\n\t\t\t\t<div class=\"elementor-element elementor-element-03ea241 elementor-widget elementor-widget-image\" data-id=\"03ea241\" data-element_type=\"widget\" data-e-type=\"widget\" data-widget_type=\"image.default\">\n\t\t\t\t\t\t\t\t\t\t\t\t\t\t\t<img decoding=\"async\" width=\"19\" height=\"20\" src=\"https:\/\/webmediarebels.com\/wp-content\/uploads\/2025\/10\/Soft-Star-3.png\" class=\"attachment-large size-large wp-image-18070\" alt=\"website-creation-in-munique-webmediarebels.png\" \/>\t\t\t\t\t\t\t\t\t\t\t\t\t\t\t<\/div>\n\t\t\t\t<div class=\"elementor-element elementor-element-af90095 elementor-widget elementor-widget-tm-ele-text-editor\" data-id=\"af90095\" data-element_type=\"widget\" data-e-type=\"widget\" data-widget_type=\"tm-ele-text-editor.default\">\n\t\t\t\t<div class=\"elementor-widget-container\">\n\t\t\t\t\t\t\t<div class=\"tm-text-editor\" >\r\n\t\t<p>Request a quote<\/p>\t\t<\/div>\r\n\t\t\t\t\t<\/div>\n\t\t\t\t<\/div>\n\t\t\t\t<\/div>\n\t\t<div data-particle_enable=\"false\" data-particle-mobile-disabled=\"false\" class=\"elementor-element elementor-element-4c0829c e-con-full tm-col-stretched-none e-flex tm-bg-color-over-image e-con e-child\" data-id=\"4c0829c\" data-element_type=\"container\" data-e-type=\"container\">\n\t\t\t\t<div class=\"elementor-element elementor-element-09b97bd horizontal-line-align-left vertical-line-align-bottom elementor-widget elementor-widget-tm-ele-section-title\" data-id=\"09b97bd\" data-element_type=\"widget\" data-e-type=\"widget\" data-widget_type=\"tm-ele-section-title.default\">\n\t\t\t\t<div class=\"elementor-widget-container\">\n\t\t\t\t\t<div class=\"tm-sc-section-title section-title\">\r\n\t<div class=\"title-wrapper\">\r\n\t\t\t\t\t\t\t<h2 class=\"title tm-split-text split-in-right\"  >\r\n\r\n\t\t\r\n\t\t\t\t\r\n\t\t\t\t\t\r\n\r\n\t\t\t\t\r\n\t\t\t\t\t\t\t\t<span class=\"elementor-repeater-item-4a583c0\">Let&#039;s create together!<\/span>\r\n\t\t\t\t\t\t\t\r\n\r\n\t\t\t\t\r\n\t\t\t\t\t\t\t\t<span class=\"elementor-repeater-item-67477aa\">Click on &quot;Start&quot; to fill out the form.<\/span>\r\n\t\t\t\t\t\t\t\t\t\r\n\t<\/h2>\r\n\t<div class=\"title-seperator-line\"><\/div>\t\t\t\t\t\t<\/div>\r\n<\/div>\t\t\t\t<\/div>\n\t\t\t\t<\/div>\n\t\t\t\t<div class=\"elementor-element elementor-element-5097d42 elementor-widget__width-initial elementor-widget elementor-widget-tm-ele-text-editor\" data-id=\"5097d42\" data-element_type=\"widget\" data-e-type=\"widget\" data-widget_type=\"tm-ele-text-editor.default\">\n\t\t\t\t<div class=\"elementor-widget-container\">\n\t\t\t\t\t\t\t<div class=\"tm-text-editor\" >\r\n\t\t<p data-start=\"77\" data-end=\"374\">If you already have a clear idea of what you need, that&#039;s the starting point. Fill out the form with your project details so our team can evaluate it and prepare a proposal aligned with what you&#039;re looking for. The more information you give us, the more accurate our response will be.<\/p>\t\t<\/div>\r\n\t\t\t\t\t<\/div>\n\t\t\t\t<\/div>\n\t\t\t\t<div class=\"elementor-element elementor-element-e7dd8c6 elementor-widget__width-initial elementor-widget elementor-widget-tm-ele-text-editor\" data-id=\"e7dd8c6\" data-element_type=\"widget\" data-e-type=\"widget\" data-widget_type=\"tm-ele-text-editor.default\">\n\t\t\t\t<div class=\"elementor-widget-container\">\n\t\t\t\t\t\t\t<div class=\"tm-text-editor\" >\r\n\t\t<p data-start=\"77\" data-end=\"374\"><strong data-start=\"3\" data-end=\"36\">Still not sure what you need?<\/strong> <a href=\"https:\/\/webmediarebels.com\/en\/i-want-to-talk\/\"><span style=\"text-decoration: underline;\">Click here to fill out the other form.<\/span><\/a><\/p>\t\t<\/div>\r\n\t\t\t\t\t<\/div>\n\t\t\t\t<\/div>\n\t\t\t\t<\/div>\n\t\t\t\t<\/div>\n\t\t\t\t<\/div>\n\t\t\t\t\t<\/div>\n\t\t\t\t<\/div>\n\t\t<div data-particle_enable=\"false\" data-particle-mobile-disabled=\"false\" class=\"elementor-element elementor-element-1c631d0 e-flex e-con-boxed tm-col-stretched-none tm-bg-color-over-image e-con e-parent\" data-id=\"1c631d0\" data-element_type=\"container\" data-e-type=\"container\">\n\t\t\t\t\t<div class=\"e-con-inner\">\n\t\t\t\t<div class=\"elementor-element elementor-element-1cd9841 elementor-widget elementor-widget-eael-typeform\" data-id=\"1cd9841\" data-element_type=\"widget\" data-e-type=\"widget\" data-widget_type=\"eael-typeform.default\">\n\t\t\t\t\t<div data-typeform=\"{&quot;url&quot;:&quot;https:\\\/\\\/form.typeform.com\\\/to\\\/i0dMU9Ny&quot;,&quot;hideFooter&quot;:false,&quot;hideHeaders&quot;:false,&quot;opacity&quot;:50}\" id=\"eael-type-form-1cd9841\" class=\"eael-typeform clearfix fs_wp_sidebar fsBody eael-contact-form eael-typeform-align-default\"><\/div>\t\t\t\t<\/div>\n\t\t\t\t\t<\/div>\n\t\t\t\t<\/div>\n\t\t\t\t<\/div>","protected":false},"excerpt":{"rendered":"<p>Solicitar proposta Vamos criar juntos! Clique em iniciar pra preencher o formul\u00e1rio Se voc\u00ea j\u00e1 tem clareza sobre o que&#8230;<\/p>","protected":false},"author":1,"featured_media":0,"parent":0,"menu_order":0,"comment_status":"closed","ping_status":"closed","template":"","meta":{"footnotes":""},"class_list":["post-18160","page","type-page","status-publish","hentry"],"_links":{"self":[{"href":"https:\/\/webmediarebels.com\/en\/wp-json\/wp\/v2\/pages\/18160","targetHints":{"allow":["GET"]}}],"collection":[{"href":"https:\/\/webmediarebels.com\/en\/wp-json\/wp\/v2\/pages"}],"about":[{"href":"https:\/\/webmediarebels.com\/en\/wp-json\/wp\/v2\/types\/page"}],"author":[{"embeddable":true,"href":"https:\/\/webmediarebels.com\/en\/wp-json\/wp\/v2\/users\/1"}],"replies":[{"embeddable":true,"href":"https:\/\/webmediarebels.com\/en\/wp-json\/wp\/v2\/comments?post=18160"}],"version-history":[{"count":0,"href":"https:\/\/webmediarebels.com\/en\/wp-json\/wp\/v2\/pages\/18160\/revisions"}],"wp:attachment":[{"href":"https:\/\/webmediarebels.com\/en\/wp-json\/wp\/v2\/media?parent=18160"}],"curies":[{"name":"wp","href":"https:\/\/api.w.org\/{rel}","templated":true}]}}